{"id":18618,"date":"2022-10-19T08:49:03","date_gmt":"2022-10-19T08:49:03","guid":{"rendered":"https:\/\/premiumbar.hu\/?page_id=18618"},"modified":"2022-11-14T21:41:01","modified_gmt":"2022-11-14T21:41:01","slug":"ajanlatkeres-2","status":"publish","type":"page","link":"https:\/\/premiumbar.hu\/?page_id=18618","title":{"rendered":"M\u00e9diatartalom"},"content":{"rendered":"<div class=\"vgblk-rw-wrapper limit-wrapper\"><h2>\n\t\tHogyan sz\u00fcletett meg a Premium Bar?\n\t<\/h2>\n<h4>\n\t\tHogyan sz\u00fcletett meg a Premium Bar?\n\t<\/h4>\n\t<iframe loading=\"lazy\" title=\"Premium Bar\" width=\"1260\" height=\"709\" src=\"https:\/\/www.youtube.com\/embed\/hIyXKs5-F1E?feature=oembed\" frameborder=\"0\" allow=\"accelerometer; autoplay; clipboard-write; encrypted-media; gyroscope; picture-in-picture\" allowfullscreen><\/iframe>\n<h4>\n\t\tMit k\u00edn\u00e1l a Premium Bar?\n\t<\/h4>\n<h2>\n\t\tMit k\u00edn\u00e1l a Premium Bar?\n\t<\/h2>\n\t<iframe loading=\"lazy\" title=\"Premium Bar\" width=\"1260\" height=\"709\" src=\"https:\/\/www.youtube.com\/embed\/3W3yPRtodns?feature=oembed\" frameborder=\"0\" allow=\"accelerometer; autoplay; clipboard-write; encrypted-media; gyroscope; picture-in-picture\" allowfullscreen><\/iframe>\n<h2>\n\t\tMit ny\u00fajt a Szombati Zsolt luxusb\u00e1r\u00e9lm\u00e9ny?\n\t<\/h2>\n<h4>\n\t\tMit ny\u00fajt a Szombati Zsolt luxusb\u00e1r\u00e9lm\u00e9ny?\n\t<\/h4>\n\t<iframe loading=\"lazy\" title=\"Premium Bar\" width=\"1260\" height=\"709\" src=\"https:\/\/www.youtube.com\/embed\/ljI6fKUFhCo?feature=oembed\" frameborder=\"0\" allow=\"accelerometer; autoplay; clipboard-write; encrypted-media; gyroscope; picture-in-picture\" allowfullscreen><\/iframe>\n<h2>\n\t\tPremium Bar bemutatkoz\u00f3 est 2022.11.03\n\t<\/h2>\n<h4>\n\t\tPremium Bar bemutatkoz\u00f3 est 2022.11.03\n\t<\/h4>\n\t<iframe loading=\"lazy\" title=\"Bartist Premium Event Video 2022 (shortcut)\" width=\"1260\" height=\"709\" src=\"https:\/\/www.youtube.com\/embed\/b-Du2DPSIEI?feature=oembed\" frameborder=\"0\" allow=\"accelerometer; autoplay; clipboard-write; encrypted-media; gyroscope; picture-in-picture\" allowfullscreen><\/iframe>\n<h2>\n\t\tPremium Bar bemutatkoz\u00f3 est 2022.11.03\n\t<\/h2>\n<h4>\n\t\tPremium Bar bemutatkoz\u00f3 est 2022.11.03\n\t<\/h4>\n\t<iframe loading=\"lazy\" title=\"Bartist Premium Event Video 2022\" width=\"1260\" height=\"709\" src=\"https:\/\/www.youtube.com\/embed\/KMcuWru8ZI4?feature=oembed\" frameborder=\"0\" allow=\"accelerometer; autoplay; clipboard-write; encrypted-media; gyroscope; picture-in-picture\" allowfullscreen><\/iframe>\n<\/div><!-- .vgblk-rw-wrapper -->","protected":false},"excerpt":{"rendered":"<p>Hogyan sz\u00fcletett meg a Premium Bar? Hogyan sz\u00fcletett meg a Premium Bar? Mit k\u00edn\u00e1l a Premium Bar? Mit k\u00edn\u00e1l a Premium Bar? Mit ny\u00fajt a Szombati Zsolt luxusb\u00e1r\u00e9lm\u00e9ny? Mit ny\u00fajt a Szombati Zsolt luxusb\u00e1r\u00e9lm\u00e9ny? Premium Bar bemutatkoz\u00f3 est 2022.11.03 Premium Bar bemutatkoz\u00f3 est 2022.11.03 Premium Bar bemutatkoz\u00f3 est 2022.11.03 Premium Bar bemutatkoz\u00f3 est 2022.11.03<\/p>\n","protected":false},"author":1,"featured_media":0,"parent":0,"menu_order":0,"comment_status":"closed","ping_status":"closed","template":"","meta":{"_monsterinsights_skip_tracking":false,"_monsterinsights_sitenote_active":false,"_monsterinsights_sitenote_note":"","_monsterinsights_sitenote_category":0,"footnotes":""},"class_list":["post-18618","page","type-page","status-publish","hentry"],"_links":{"self":[{"href":"https:\/\/premiumbar.hu\/index.php?rest_route=\/wp\/v2\/pages\/18618","targetHints":{"allow":["GET"]}}],"collection":[{"href":"https:\/\/premiumbar.hu\/index.php?rest_route=\/wp\/v2\/pages"}],"about":[{"href":"https:\/\/premiumbar.hu\/index.php?rest_route=\/wp\/v2\/types\/page"}],"author":[{"embeddable":true,"href":"https:\/\/premiumbar.hu\/index.php?rest_route=\/wp\/v2\/users\/1"}],"replies":[{"embeddable":true,"href":"https:\/\/premiumbar.hu\/index.php?rest_route=%2Fwp%2Fv2%2Fcomments&post=18618"}],"version-history":[{"count":16,"href":"https:\/\/premiumbar.hu\/index.php?rest_route=\/wp\/v2\/pages\/18618\/revisions"}],"predecessor-version":[{"id":18678,"href":"https:\/\/premiumbar.hu\/index.php?rest_route=\/wp\/v2\/pages\/18618\/revisions\/18678"}],"wp:attachment":[{"href":"https:\/\/premiumbar.hu\/index.php?rest_route=%2Fwp%2Fv2%2Fmedia&parent=18618"}],"curies":[{"name":"wp","href":"https:\/\/api.w.org\/{rel}","templated":true}]}}