{"id":11419,"date":"2016-12-05T16:29:56","date_gmt":"2016-12-05T16:29:56","guid":{"rendered":"https:\/\/clany.vamtam.com\/?page_id=11419"},"modified":"2022-10-20T11:21:01","modified_gmt":"2022-10-20T11:21:01","slug":"home","status":"publish","type":"page","link":"https:\/\/premiumbar.hu\/","title":{"rendered":"Home"},"content":{"rendered":"<div class=\"vgblk-rw-wrapper limit-wrapper\"><h3>\n\tHogyan sz\u00fcletett meg a<strong> Premium Bar<\/strong>?\n\t<\/h3>\n\tSzombati Zsolt vagyok, bartender, kokt\u00e9l stylist, c\u00e9gtulajdonos.<br \/>\nKisgyermekkorom \u00f3ta l\u00e1zba hoz az italok k\u00e9sz\u00edt\u00e9se.\n<p>Akkoriban szeretteimet ugr\u00e1ltam k\u00f6r\u00fcl \u00e9s szolg\u00e0ltam ki kedvenc italukkal. Az\u00f3ta t\u00f6bb t\u00edzezer vend\u00e8get igyekeztem al\u00e1zattal \u00e9s a szakma minden elv\u00e1r\u00e0s\u00e1nak megfelelve magas sz\u00ednvonalon szolg\u00e1lni.<\/p>\n5 \u00e9ve kokt\u00e9l catering c\u00e8get \u00fczemeltetek, ez\u00e1ltal sz\u00e1mtalan rendezv\u00e9ny<br \/>\nj\u00f3 hangulat\u00e1r\u00f3l gondoskodtam. Naponta azon dolgozom elhivatottan, hogy<br \/>\nvend\u00e9geim arc\u00e1ra mosolyt csaljak \u00e8s el\u00e9gedettek legyenek az \u00e1ltalam ny\u00fajtott szolg\u00e1ltat\u00e1ssal.\nEnnek a t\u00f6rekv\u00e9semnek felel meg a <strong>Premium Bar <\/strong>is, ami hi\u00e1nyp\u00f3tl\u00f3<br \/>\nszolg\u00e1ltat\u00e1s\u00e1val exkluz\u00edv ig\u00e9nyeket el\u00e9g\u00edt ki. A <strong>Premium Bar<\/strong> egy olyan \u00faj \u00fczleti modellt h\u00edv \u00e9letre, ami a piacon egyedik\u00e9nt a megrendel\u0151k legmagasabb elv\u00e0r\u00e1sainak megfelelve luxus b\u00e0r\u00e8lm\u00e8nyt ny\u00fajt.\n<h3>\n\tHogyan sz\u00fcletett meg a<strong> Premium Bar<\/strong>?\n\t<\/h3>\n\tSzombati Zsolt vagyok, bartender, kokt\u00e9l stylist, c\u00e9gtulajdonos.<br \/>\nKisgyermekkorom \u00f3ta l\u00e1zba hoz az italok k\u00e9sz\u00edt\u00e9se.\n<p>Akkoriban szeretteimet ugr\u00e1ltam k\u00f6r\u00fcl \u00e9s szolg\u00e0ltam ki kedvenc italukkal. Az\u00f3ta t\u00f6bb t\u00edzezer vend\u00e8get igyekeztem al\u00e1zattal \u00e9s a szakma minden elv\u00e1r\u00e0s\u00e1nak megfelelve magas sz\u00ednvonalon szolg\u00e1lni.<\/p>\n5 \u00e9ve kokt\u00e9l catering c\u00e8get \u00fczemeltetek, ez\u00e1ltal sz\u00e1mtalan rendezv\u00e9ny<br \/>\nj\u00f3 hangulat\u00e1r\u00f3l gondoskodtam. Naponta azon dolgozom elhivatottan, hogy<br \/>\nvend\u00e9geim arc\u00e1ra mosolyt csaljak \u00e8s el\u00e9gedettek legyenek az \u00e1ltalam ny\u00fajtott szolg\u00e1ltat\u00e1ssal.\nEnnek a t\u00f6rekv\u00e9semnek felel meg a <strong>Premium Bar <\/strong>is, ami hi\u00e1nyp\u00f3tl\u00f3<br \/>\nszolg\u00e1ltat\u00e1s\u00e1val exkluz\u00edv ig\u00e9nyeket el\u00e9g\u00edt ki. A <strong>Premium Bar<\/strong> egy olyan \u00faj \u00fczleti modellt h\u00edv \u00e9letre, ami a piacon egyedik\u00e9nt a megrendel\u0151k legmagasabb elv\u00e0r\u00e1sainak megfelelve luxus b\u00e0r\u00e8lm\u00e8nyt ny\u00fajt.\n\t\t\t\t\t\t\t\t\t\t<img decoding=\"async\" loading=\"lazy\" src=\"https:\/\/premiumbar.hu\/wp-content\/uploads\/2022\/10\/1.jpg\" alt=\"1\" itemprop=\"image\" height=\"1065\" width=\"1600\" title=\"1\" onerror=\"this.style.display='none'\"  sizes=\"auto, (max-width: 768px) 100vw, 100vw\" srcset=\"data:image\/svg+xml;utf8,&lt;svg%20xmlns=&quot;http:\/\/www.w3.org\/2000\/svg&quot;%20viewBox=&quot;0%200%201600%201065&quot;%20height=&quot;1065px&quot;%20width=&quot;1600px&quot;\/&gt;\" data-srcset=\"https:\/\/premiumbar.hu\/wp-content\/uploads\/2022\/10\/1.jpg 1600w, https:\/\/premiumbar.hu\/wp-content\/uploads\/2022\/10\/1-300x200.jpg 300w, https:\/\/premiumbar.hu\/wp-content\/uploads\/2022\/10\/1-1024x682.jpg 1024w, https:\/\/premiumbar.hu\/wp-content\/uploads\/2022\/10\/1-768x511.jpg 768w, https:\/\/premiumbar.hu\/wp-content\/uploads\/2022\/10\/1-1536x1022.jpg 1536w, https:\/\/premiumbar.hu\/wp-content\/uploads\/2022\/10\/1-1260x839.jpg 1260w, https:\/\/premiumbar.hu\/wp-content\/uploads\/2022\/10\/1-630x419.jpg 630w, https:\/\/premiumbar.hu\/wp-content\/uploads\/2022\/10\/1-420x280.jpg 420w, https:\/\/premiumbar.hu\/wp-content\/uploads\/2022\/10\/1-840x559.jpg 840w, https:\/\/premiumbar.hu\/wp-content\/uploads\/2022\/10\/1-315x210.jpg 315w\" \/>\t\t\t\t\t\t\t\n<h3>\n\tMit kin\u00e1l a <strong>Premium Bar<\/strong>?\n\t<\/h3>\n<h3>\n\tMit kin\u00e1l a <strong>Premium Bar<\/strong>?\n\t<\/h3>\n\t\t\t\t\t\t\t\t\t\t<img decoding=\"async\" loading=\"lazy\" src=\"https:\/\/premiumbar.hu\/wp-content\/uploads\/2022\/10\/marksomay_20221010_1540_DSC5963-scaled.jpg\" alt=\"marksomay_20221010_1540_DSC5963\" itemprop=\"image\" height=\"1703\" width=\"2560\" title=\"marksomay_20221010_1540_DSC5963\" onerror=\"this.style.display='none'\"  sizes=\"auto, (max-width: 768px) 100vw, 100vw\" srcset=\"data:image\/svg+xml;utf8,&lt;svg%20xmlns=&quot;http:\/\/www.w3.org\/2000\/svg&quot;%20viewBox=&quot;0%200%202560%201703&quot;%20height=&quot;1703px&quot;%20width=&quot;2560px&quot;\/&gt;\" data-srcset=\"https:\/\/premiumbar.hu\/wp-content\/uploads\/2022\/10\/marksomay_20221010_1540_DSC5963-scaled.jpg 2560w, https:\/\/premiumbar.hu\/wp-content\/uploads\/2022\/10\/marksomay_20221010_1540_DSC5963-300x200.jpg 300w, https:\/\/premiumbar.hu\/wp-content\/uploads\/2022\/10\/marksomay_20221010_1540_DSC5963-1024x681.jpg 1024w, https:\/\/premiumbar.hu\/wp-content\/uploads\/2022\/10\/marksomay_20221010_1540_DSC5963-768x511.jpg 768w, https:\/\/premiumbar.hu\/wp-content\/uploads\/2022\/10\/marksomay_20221010_1540_DSC5963-1536x1022.jpg 1536w, https:\/\/premiumbar.hu\/wp-content\/uploads\/2022\/10\/marksomay_20221010_1540_DSC5963-2048x1362.jpg 2048w, https:\/\/premiumbar.hu\/wp-content\/uploads\/2022\/10\/marksomay_20221010_1540_DSC5963-1260x838.jpg 1260w, https:\/\/premiumbar.hu\/wp-content\/uploads\/2022\/10\/marksomay_20221010_1540_DSC5963-630x419.jpg 630w, https:\/\/premiumbar.hu\/wp-content\/uploads\/2022\/10\/marksomay_20221010_1540_DSC5963-420x279.jpg 420w, https:\/\/premiumbar.hu\/wp-content\/uploads\/2022\/10\/marksomay_20221010_1540_DSC5963-840x559.jpg 840w, https:\/\/premiumbar.hu\/wp-content\/uploads\/2022\/10\/marksomay_20221010_1540_DSC5963-315x210.jpg 315w\" \/>\t\t\t\t\t\t\t\n<h3>\n\tMelyek a <strong>Premium Bar <\/strong>alapelvei?\n\t<\/h3>\n\t<h5><strong>A n\u00e9v k\u00f6telez<\/strong><\/h5>\n<p>Ragaszkodom a cs\u00facsmin\u0151s\u00e8ghez mind az alapanyagok tekintet\u00e9ben, mind a megjelen\u00e9sben, mind a kiszolg\u00e1l\u00e1s sz\u00ednvonal\u00e0ban A <strong>Premium Bart<\/strong> minden esem\u00e9nyen szem\u00e8lyesen vezetem.<\/p>\n\t<h5><strong>Megb\u00edzhat\u00f3s\u00e1g, \u00e1lland\u00f3s\u00e1g<\/strong><\/h5>\n<p>A vend\u00e9g sz\u00e1m\u00edthat r\u00e1m, az exkluz\u00edv \u00e9lm\u00e9ny garant\u00e1lt<\/p>\n\t<h5><strong>T\u00f6r\u0151d\u00e9s,odafigyel\u00e9s<\/strong><\/h5>\n<p>Szeretn\u00e9m, ha vend\u00e9geim sz\u00e1m\u00e1ra \u00e9lm\u00e9ny lenne, ha a b\u00e0rpulthoz l\u00e9p, ez\u00e8rt fontos sz\u00e1momra, hogy felm\u00e8rjem a vend\u00e9geim st\u00edlus\u00e1t, kommunik\u00e1ci\u00f3s ig\u00e9ny\u00e9t, ez\u00e1ltal egym\u00e0sra hangol\u00f3djunk \u00e8s az italok elk\u00e9sz\u00edt\u00e9se alatt is j\u00f3 hangulatban teljen az id\u0151.<\/p>\n\t<h5><strong>Sosem dolgozom rutinb\u00f3l<\/strong><\/h5>\n<p>Ha egy vend\u00e9g odal\u00e9p a b\u00e1rpulthoz, els\u0151dleges sz\u00e1momra, hogy komolyan veszem a munk\u00e1m \u00e9s odafigyelek r\u00e1. Minden vend\u00e8gre k\u00fcl\u00f6n figyelmet ford\u00edtok, igyekszem ig\u00e9nyeit \u00e9szrevenni, szem\u00e8lyre szabottan kiszolg\u00e1lni.<\/p>\n\t<h5><strong>Pontoss\u00e1g<\/strong><\/h5>\n<p>Az id\u0151 mindenki sz\u00e0m\u00e1ra dr\u00e1ga, a szolg\u00e1ltat\u00e1st az el\u0151re egyeztetett id\u0151pontban kezdem \u00e9s fejezem be.<\/p>\n\t<h5><strong>Vil\u00e1gos, egy\u00e8rtelm\u0171 kommunik\u00e1ci\u00f3<\/strong><\/h5>\n<p> Mind a szolg\u00e1ltat\u00e0s tartalm\u00e1val, mind az \u00e1rral kapcsolatban pontosan fogalmazunk, hogy elker\u00fclj\u00fck a f\u00e9lre\u00e9rt\u00e9seket \u00e9s senkit ne \u00e9rjen meglepet\u00e8s. Mindenkit kellemetlen\u00fcl \u00e9rint, ha rejtett k\u00f6lts\u00e9gek mer\u00fclnek fel, ez\u00e8rt nem szeretn\u00e9k senkit ilyen helyzetbe hozni. Az \u00e1raj\u00e1nlat tartalmazza a szolg\u00e1ltat\u00e1s minden r\u00e8szlet\u00e9t.<\/p>\n<h3>\n\tMelyek a <strong>Premium Bar <\/strong>alapelvei?\n\t<\/h3>\n\t<h5><strong>A n\u00e9v k\u00f6telez<\/strong><\/h5>\n<p>Ragaszkodom a cs\u00facsmin\u0151s\u00e8ghez mind az alapanyagok tekintet\u00e9ben, mind a megjelen\u00e9sben, mind a kiszolg\u00e1l\u00e1s sz\u00ednvonal\u00e0ban A <strong>Premium Bart<\/strong> minden esem\u00e9nyen szem\u00e8lyesen vezetem.<\/p>\n\t<h5><strong>Megb\u00edzhat\u00f3s\u00e1g, \u00e1lland\u00f3s\u00e1g<\/strong><\/h5>\n<p>A vend\u00e9g sz\u00e1m\u00edthat r\u00e1m, az exkluz\u00edv \u00e9lm\u00e9ny garant\u00e1lt<\/p>\n\t<h5><strong>T\u00f6r\u0151d\u00e9s,odafigyel\u00e9s<\/strong><\/h5>\n<p>Szeretn\u00e9m, ha vend\u00e9geim sz\u00e1m\u00e1ra \u00e9lm\u00e9ny lenne, ha a b\u00e0rpulthoz l\u00e9p, ez\u00e8rt fontos sz\u00e1momra, hogy felm\u00e8rjem a vend\u00e9geim st\u00edlus\u00e1t, kommunik\u00e1ci\u00f3s ig\u00e9ny\u00e9t, ez\u00e1ltal egym\u00e0sra hangol\u00f3djunk \u00e8s az italok elk\u00e9sz\u00edt\u00e9se alatt is j\u00f3 hangulatban teljen az id\u0151.<\/p>\n\t<h5><strong>Sosem dolgozom rutinb\u00f3l<\/strong><\/h5>\n<p>Ha egy vend\u00e9g odal\u00e9p a b\u00e1rpulthoz, els\u0151dleges sz\u00e1momra, hogy komolyan veszem a munk\u00e1m \u00e9s odafigyelek r\u00e1. Minden vend\u00e8gre k\u00fcl\u00f6n figyelmet ford\u00edtok, igyekszem ig\u00e9nyeit \u00e9szrevenni, szem\u00e8lyre szabottan kiszolg\u00e1lni.<\/p>\n\t<h5><strong>Pontoss\u00e1g<\/strong><\/h5>\n<p>Az id\u0151 mindenki sz\u00e0m\u00e1ra dr\u00e1ga, a szolg\u00e1ltat\u00e1st az el\u0151re egyeztetett id\u0151pontban kezdem \u00e9s fejezem be.<\/p>\n\t<h5><strong>Vil\u00e1gos, egy\u00e8rtelm\u0171 kommunik\u00e1ci\u00f3<\/strong><\/h5>\n<p> Mind a szolg\u00e1ltat\u00e0s tartalm\u00e1val, mind az \u00e1rral kapcsolatban pontosan fogalmazunk, hogy elker\u00fclj\u00fck a f\u00e9lre\u00e9rt\u00e9seket \u00e9s senkit ne \u00e9rjen meglepet\u00e8s. Mindenkit kellemetlen\u00fcl \u00e9rint, ha rejtett k\u00f6lts\u00e9gek mer\u00fclnek fel, ez\u00e8rt nem szeretn\u00e9k senkit ilyen helyzetbe hozni. Az \u00e1raj\u00e1nlat tartalmazza a szolg\u00e1ltat\u00e1s minden r\u00e8szlet\u00e9t.<\/p>\n\t\t\t\t\t\t\t\t\t\t<img decoding=\"async\" loading=\"lazy\" src=\"https:\/\/premiumbar.hu\/wp-content\/uploads\/2022\/10\/marksomay_20221010_1552_DSC6025-scaled.jpg\" alt=\"marksomay_20221010_1552_DSC6025\" itemprop=\"image\" height=\"1703\" width=\"2560\" title=\"marksomay_20221010_1552_DSC6025\" onerror=\"this.style.display='none'\"  sizes=\"auto, (max-width: 768px) 100vw, 100vw\" srcset=\"data:image\/svg+xml;utf8,&lt;svg%20xmlns=&quot;http:\/\/www.w3.org\/2000\/svg&quot;%20viewBox=&quot;0%200%202560%201703&quot;%20height=&quot;1703px&quot;%20width=&quot;2560px&quot;\/&gt;\" data-srcset=\"https:\/\/premiumbar.hu\/wp-content\/uploads\/2022\/10\/marksomay_20221010_1552_DSC6025-scaled.jpg 2560w, https:\/\/premiumbar.hu\/wp-content\/uploads\/2022\/10\/marksomay_20221010_1552_DSC6025-300x200.jpg 300w, https:\/\/premiumbar.hu\/wp-content\/uploads\/2022\/10\/marksomay_20221010_1552_DSC6025-1024x681.jpg 1024w, https:\/\/premiumbar.hu\/wp-content\/uploads\/2022\/10\/marksomay_20221010_1552_DSC6025-768x511.jpg 768w, https:\/\/premiumbar.hu\/wp-content\/uploads\/2022\/10\/marksomay_20221010_1552_DSC6025-1536x1022.jpg 1536w, https:\/\/premiumbar.hu\/wp-content\/uploads\/2022\/10\/marksomay_20221010_1552_DSC6025-2048x1362.jpg 2048w, https:\/\/premiumbar.hu\/wp-content\/uploads\/2022\/10\/marksomay_20221010_1552_DSC6025-1260x838.jpg 1260w, https:\/\/premiumbar.hu\/wp-content\/uploads\/2022\/10\/marksomay_20221010_1552_DSC6025-630x419.jpg 630w, https:\/\/premiumbar.hu\/wp-content\/uploads\/2022\/10\/marksomay_20221010_1552_DSC6025-420x279.jpg 420w, https:\/\/premiumbar.hu\/wp-content\/uploads\/2022\/10\/marksomay_20221010_1552_DSC6025-840x559.jpg 840w, https:\/\/premiumbar.hu\/wp-content\/uploads\/2022\/10\/marksomay_20221010_1552_DSC6025-315x210.jpg 315w\" \/>\t\t\t\t\t\t\t\n<h3>\n\t\t\t<a href=\"https:\/\/premiumbar.hu\/?page_id=16097\" title=\"Hogyan juthat hozz\u00e1 a szolg\u00e1ltat\u00e1shoz?\" target=\"_self\" rel=\"noopener\">\n\tHogyan juthat hozz\u00e1 a szolg\u00e1ltat\u00e1shoz?\n\t\t\t<\/a>\n\t<\/h3>\n<h3>\n\t\t\t<a href=\"https:\/\/premiumbar.hu\/?page_id=16097\" title=\"Hogyan juthat hozz\u00e1 a szolg\u00e1ltat\u00e1shoz?\" target=\"_self\" rel=\"noopener\">\n\tHogyan juthat hozz\u00e1 a szolg\u00e1ltat\u00e1shoz?\n\t\t\t<\/a>\n\t<\/h3>\n\t\t\t\t\t\t\t\t\t\t<img decoding=\"async\" loading=\"lazy\" src=\"https:\/\/premiumbar.hu\/wp-content\/uploads\/2022\/10\/marksomay_20221010_1552_DSC6047-scaled.jpg\" alt=\"marksomay_20221010_1552_DSC6047\" itemprop=\"image\" height=\"1703\" width=\"2560\" title=\"marksomay_20221010_1552_DSC6047\" onerror=\"this.style.display='none'\"  sizes=\"auto, (max-width: 768px) 100vw, 100vw\" srcset=\"data:image\/svg+xml;utf8,&lt;svg%20xmlns=&quot;http:\/\/www.w3.org\/2000\/svg&quot;%20viewBox=&quot;0%200%202560%201703&quot;%20height=&quot;1703px&quot;%20width=&quot;2560px&quot;\/&gt;\" data-srcset=\"https:\/\/premiumbar.hu\/wp-content\/uploads\/2022\/10\/marksomay_20221010_1552_DSC6047-scaled.jpg 2560w, https:\/\/premiumbar.hu\/wp-content\/uploads\/2022\/10\/marksomay_20221010_1552_DSC6047-300x200.jpg 300w, https:\/\/premiumbar.hu\/wp-content\/uploads\/2022\/10\/marksomay_20221010_1552_DSC6047-1024x681.jpg 1024w, https:\/\/premiumbar.hu\/wp-content\/uploads\/2022\/10\/marksomay_20221010_1552_DSC6047-768x511.jpg 768w, https:\/\/premiumbar.hu\/wp-content\/uploads\/2022\/10\/marksomay_20221010_1552_DSC6047-1536x1022.jpg 1536w, https:\/\/premiumbar.hu\/wp-content\/uploads\/2022\/10\/marksomay_20221010_1552_DSC6047-2048x1362.jpg 2048w, https:\/\/premiumbar.hu\/wp-content\/uploads\/2022\/10\/marksomay_20221010_1552_DSC6047-1260x838.jpg 1260w, https:\/\/premiumbar.hu\/wp-content\/uploads\/2022\/10\/marksomay_20221010_1552_DSC6047-630x419.jpg 630w, https:\/\/premiumbar.hu\/wp-content\/uploads\/2022\/10\/marksomay_20221010_1552_DSC6047-420x279.jpg 420w, https:\/\/premiumbar.hu\/wp-content\/uploads\/2022\/10\/marksomay_20221010_1552_DSC6047-840x559.jpg 840w, https:\/\/premiumbar.hu\/wp-content\/uploads\/2022\/10\/marksomay_20221010_1552_DSC6047-315x210.jpg 315w\" \/>\t\t\t\t\t\t\t\n<\/div><!-- .vgblk-rw-wrapper -->","protected":false},"excerpt":{"rendered":"<p>Hogyan sz\u00fcletett meg a Premium Bar? Szombati Zsolt vagyok, bartender, kokt\u00e9l stylist, c\u00e9gtulajdonos. Kisgyermekkorom \u00f3ta l\u00e1zba hoz az italok k\u00e9sz\u00edt\u00e9se. Akkoriban szeretteimet ugr\u00e1ltam k\u00f6r\u00fcl \u00e9s szolg\u00e0ltam ki kedvenc italukkal. Az\u00f3ta t\u00f6bb t\u00edzezer vend\u00e8get igyekeztem al\u00e1zattal \u00e9s a szakma minden elv\u00e1r\u00e0s\u00e1nak megfelelve magas sz\u00ednvonalon szolg\u00e1lni. 5 \u00e9ve kokt\u00e9l catering c\u00e8get \u00fczemeltetek, ez\u00e1ltal sz\u00e1mtalan rendezv\u00e9ny j\u00f3 hangulat\u00e1r\u00f3l&#8230;<\/p>\n","protected":false},"author":1,"featured_media":0,"parent":0,"menu_order":0,"comment_status":"closed","ping_status":"closed","template":"","meta":{"_monsterinsights_skip_tracking":false,"_monsterinsights_sitenote_active":false,"_monsterinsights_sitenote_note":"","_monsterinsights_sitenote_category":0,"footnotes":""},"class_list":["post-11419","page","type-page","status-publish","hentry"],"_links":{"self":[{"href":"https:\/\/premiumbar.hu\/index.php?rest_route=\/wp\/v2\/pages\/11419","targetHints":{"allow":["GET"]}}],"collection":[{"href":"https:\/\/premiumbar.hu\/index.php?rest_route=\/wp\/v2\/pages"}],"about":[{"href":"https:\/\/premiumbar.hu\/index.php?rest_route=\/wp\/v2\/types\/page"}],"author":[{"embeddable":true,"href":"https:\/\/premiumbar.hu\/index.php?rest_route=\/wp\/v2\/users\/1"}],"replies":[{"embeddable":true,"href":"https:\/\/premiumbar.hu\/index.php?rest_route=%2Fwp%2Fv2%2Fcomments&post=11419"}],"version-history":[{"count":92,"href":"https:\/\/premiumbar.hu\/index.php?rest_route=\/wp\/v2\/pages\/11419\/revisions"}],"predecessor-version":[{"id":18601,"href":"https:\/\/premiumbar.hu\/index.php?rest_route=\/wp\/v2\/pages\/11419\/revisions\/18601"}],"wp:attachment":[{"href":"https:\/\/premiumbar.hu\/index.php?rest_route=%2Fwp%2Fv2%2Fmedia&parent=11419"}],"curies":[{"name":"wp","href":"https:\/\/api.w.org\/{rel}","templated":true}]}}